{"id":2704,"date":"2017-02-28T14:38:11","date_gmt":"2017-02-28T14:38:11","guid":{"rendered":"http:\/\/www.eva-distillery.gr\/%ce%b5%cf%84%ce%b1%ce%b9%cf%81%ce%b9%ce%b1\/"},"modified":"2017-12-12T13:32:51","modified_gmt":"2017-12-12T13:32:51","slug":"%ce%b5%cf%84%ce%b1%ce%b9%cf%81%ce%b9%ce%b1","status":"publish","type":"page","link":"https:\/\/www.eva-distillery.gr\/tr\/%ce%b5%cf%84%ce%b1%ce%b9%cf%81%ce%b9%ce%b1\/","title":{"rendered":"\u015e\u0130RKET"},"content":{"rendered":"<div class=\"wpb-content-wrapper\"><p>[vc_row full_width=&#8221;stretch_row_content_no_spaces&#8221;][vc_column css=&#8221;.vc_custom_1488292586208{background-image: url(http:\/\/www.eva-distillery.gr\/wp-content\/uploads\/2017\/02\/block-1_0.jpg?id=1176) !important;}&#8221;][vc_empty_space height=&#8221;&#8221; alter_height=&#8221;huge&#8221; hide_on_mobile=&#8221;&#8221;][vc_empty_space height=&#8221;&#8221; alter_height=&#8221;huge&#8221; hide_on_mobile=&#8221;&#8221;][vc_empty_space height=&#8221;&#8221; alter_height=&#8221;huge&#8221; hide_on_mobile=&#8221;&#8221;][vc_empty_space height=&#8221;&#8221; alter_height=&#8221;large&#8221; hide_on_mobile=&#8221;&#8221;][vc_empty_space height=&#8221;&#8221; alter_height=&#8221;large&#8221; hide_on_mobile=&#8221;&#8221;][vc_empty_space height=&#8221;&#8221; alter_height=&#8221;large&#8221; hide_on_mobile=&#8221;&#8221;][\/vc_column][\/vc_row][vc_row full_width=&#8221;stretch_row&#8221;][vc_column][vc_custom_heading text=&#8221;E.V.A.&#8221; google_fonts=&#8221;font_family:Roboto%3A100%2C100italic%2C300%2C300italic%2Cregular%2Citalic%2C500%2C500italic%2C700%2C700italic%2C900%2C900italic|font_style:400%20regular%3A400%3Anormal&#8221;][vc_column_text]Fabrikam\u0131z b\u00fcnyesinde geli\u015fmi\u015f,\u00f6zel bir dam\u0131tma ve dolum \u00fcnitesi donan\u0131ml\u0131 bir kimya laboratuvar\u0131 ve Uzo M\u00fczesi bukunmaktad\u0131r.<\/p>\n<p>EVA \u015eirketinin ba\u015far\u0131l\u0131 ve istikrarl\u0131 y\u00fckseli\u015fi; tecr\u00fcbeli,i\u015finin ehli i\u015f arkada\u015flar\u0131m\u0131z\u0131n \u00fcretim,dolum,depolama,da\u011f\u0131t\u0131m ve ihracat a\u015famas\u0131na kadar \u00f6zverili \u00e7al\u0131\u015fmalar\u0131na dayanmaktad\u0131r.Ayr\u0131ca \u015firketimiz ISO 22000 ve HACCP belgelerine sahiptir.<\/p>\n<p>EVA \u00fcretti\u011fi \u00fcr\u00fcnlerin sabit kalitede \u00f6zellikle de dam\u0131tma kategorisinde g\u00fc\u00e7l\u00fc bir marka olmu\u015ftur.\u0130\u015fletmemiz \u00fclke s\u0131n\u0131rlar\u0131 i\u00e7erisinde en h\u0131zl\u0131 geli\u015fen ilk on \u015firket aras\u0131nda yer almaktad\u0131r. EVA Yunanistan`da oldu\u011fu kadar 22 farkl\u0131 \u00fclkede de \u00fcr\u00fcnlerini ayn\u0131 kalite,\u00f6zen ve s\u00fcreklilikle sat\u0131\u015flar\u0131na devam etmektedir. Uzo ve lik\u00f6r \u00fcr\u00fcnlerimiz toptan ve perakende olarak geni\u015f bir sat\u0131\u015f a\u011f\u0131na sahiptir,ayr\u0131ca \u00fcr\u00fcnlerimizi Hellen\u0131c Duty Free ma\u011fazalar\u0131nda bulabilirsiniz.[\/vc_column_text][vc_empty_space height=&#8221;&#8221; alter_height=&#8221;large&#8221; hide_on_mobile=&#8221;&#8221;][\/vc_column][\/vc_row]<\/p>\n<\/div>","protected":false},"excerpt":{"rendered":"<p>[vc_row full_width=&#8221;stretch_row_content_no_spaces&#8221;][vc_column css=&#8221;.vc_custom_1488292586208{background-image: url(http:\/\/www.eva-distillery.gr\/wp-content\/uploads\/2017\/02\/block-1_0.jpg?id=1176) !important;}&#8221;][vc_empty_space height=&#8221;&#8221; alter_height=&#8221;huge&#8221; hide_on_mobile=&#8221;&#8221;][vc_empty_space height=&#8221;&#8221; alter_height=&#8221;huge&#8221; hide_on_mobile=&#8221;&#8221;][vc_empty_space height=&#8221;&#8221; alter_height=&#8221;huge&#8221; hide_on_mobile=&#8221;&#8221;][vc_empty_space height=&#8221;&#8221; alter_height=&#8221;large&#8221; hide_on_mobile=&#8221;&#8221;][vc_empty_space height=&#8221;&#8221; alter_height=&#8221;large&#8221; hide_on_mobile=&#8221;&#8221;][vc_empty_space height=&#8221;&#8221; alter_height=&#8221;large&#8221; hide_on_mobile=&#8221;&#8221;][\/vc_column][\/vc_row][vc_row full_width=&#8221;stretch_row&#8221;][vc_column][vc_custom_heading text=&#8221;E.V.A.&#8221; google_fonts=&#8221;font_family:Roboto%3A100%2C100italic%2C300%2C300italic%2Cregular%2Citalic%2C500%2C500italic%2C700%2C700italic%2C900%2C900italic|font_style:400%20regular%3A400%3Anormal&#8221;][vc_column_text]Fabrikam\u0131z b\u00fcnyesinde geli\u015fmi\u015f,\u00f6zel bir dam\u0131tma ve dolum \u00fcnitesi donan\u0131ml\u0131 bir kimya laboratuvar\u0131 ve Uzo M\u00fczesi bukunmaktad\u0131r. EVA \u015eirketinin ba\u015far\u0131l\u0131 ve istikrarl\u0131 y\u00fckseli\u015fi; tecr\u00fcbeli,i\u015finin ehli i\u015f arkada\u015flar\u0131m\u0131z\u0131n \u00fcretim,dolum,depolama,da\u011f\u0131t\u0131m ve ihracat a\u015famas\u0131na kadar \u00f6zverili \u00e7al\u0131\u015fmalar\u0131na dayanmaktad\u0131r.Ayr\u0131ca \u015firketimiz&hellip;<\/p>\n","protected":false},"author":1,"featured_media":0,"parent":0,"menu_order":0,"comment_status":"closed","ping_status":"closed","template":"","meta":{"footnotes":""},"class_list":["post-2704","page","type-page","status-publish","hentry"],"_links":{"self":[{"href":"https:\/\/www.eva-distillery.gr\/tr\/wp-json\/wp\/v2\/pages\/2704","targetHints":{"allow":["GET"]}}],"collection":[{"href":"https:\/\/www.eva-distillery.gr\/tr\/wp-json\/wp\/v2\/pages"}],"about":[{"href":"https:\/\/www.eva-distillery.gr\/tr\/wp-json\/wp\/v2\/types\/page"}],"author":[{"embeddable":true,"href":"https:\/\/www.eva-distillery.gr\/tr\/wp-json\/wp\/v2\/users\/1"}],"replies":[{"embeddable":true,"href":"https:\/\/www.eva-distillery.gr\/tr\/wp-json\/wp\/v2\/comments?post=2704"}],"version-history":[{"count":2,"href":"https:\/\/www.eva-distillery.gr\/tr\/wp-json\/wp\/v2\/pages\/2704\/revisions"}],"predecessor-version":[{"id":2707,"href":"https:\/\/www.eva-distillery.gr\/tr\/wp-json\/wp\/v2\/pages\/2704\/revisions\/2707"}],"wp:attachment":[{"href":"https:\/\/www.eva-distillery.gr\/tr\/wp-json\/wp\/v2\/media?parent=2704"}],"curies":[{"name":"wp","href":"https:\/\/api.w.org\/{rel}","templated":true}]}}