{"id":2715,"date":"2017-02-28T12:26:43","date_gmt":"2017-02-28T12:26:43","guid":{"rendered":"http:\/\/www.eva-distillery.gr\/%ce%bc%ce%bf%cf%85%cf%83%ce%b5%ce%b9%ce%bf\/"},"modified":"2017-12-12T14:00:52","modified_gmt":"2017-12-12T14:00:52","slug":"%ce%bc%ce%bf%cf%85%cf%83%ce%b5%ce%b9%ce%bf","status":"publish","type":"page","link":"http:\/\/www.eva-distillery.gr\/tr\/%ce%bc%ce%bf%cf%85%cf%83%ce%b5%ce%b9%ce%bf\/","title":{"rendered":"M\u00dcZES\u0130"},"content":{"rendered":"<div class=\"wpb-content-wrapper\"><p>[vc_row full_width=&#8221;stretch_row_content_no_spaces&#8221;][vc_column css=&#8221;.vc_custom_1488365591916{background-image: url(http:\/\/www.eva-distillery.gr\/wp-content\/uploads\/2017\/02\/img_0088.jpg?id=1188) !important;background-position: center !important;background-repeat: no-repeat !important;background-size: cover !important;}&#8221;][vc_empty_space height=&#8221;&#8221; alter_height=&#8221;huge&#8221; hide_on_mobile=&#8221;&#8221;][vc_empty_space height=&#8221;&#8221; alter_height=&#8221;huge&#8221; hide_on_mobile=&#8221;&#8221;][vc_empty_space height=&#8221;&#8221; alter_height=&#8221;huge&#8221; hide_on_mobile=&#8221;&#8221;][vc_empty_space height=&#8221;&#8221; alter_height=&#8221;large&#8221; hide_on_mobile=&#8221;&#8221;][vc_empty_space height=&#8221;&#8221; alter_height=&#8221;large&#8221; hide_on_mobile=&#8221;&#8221;][vc_empty_space height=&#8221;&#8221; alter_height=&#8221;large&#8221; hide_on_mobile=&#8221;&#8221;][\/vc_column][\/vc_row][vc_row][vc_column width=&#8221;1\/12&#8243;][\/vc_column][vc_column width=&#8221;10\/12&#8243;][vc_empty_space height=&#8221;&#8221; hide_on_mobile=&#8221;&#8221;]<div  \n\tclass=\"sc_promo sc_promo_default sc_promo_size_normal sc_promo_no_paddings sc_promo_no_image\"\n\t\t><div class=\"sc_promo_text trx_addons_stretch_height\" style=\"width: 100%;\">\n\t\t\t<div class=\"sc_promo_text_inner sc_align_center\" style=\"\"><div class=\"sc_promo_content sc_item_content\">[vc_single_image image=&#8221;837&#8243; img_size=&#8221;full&#8221; alignment=&#8221;center&#8221;][vc_custom_heading text=&#8221;UZO M\u00dcZES\u0130&#8221; font_container=&#8221;tag:h4|text_align:center&#8221; google_fonts=&#8221;font_family:Roboto%20Slab%3A100%2C300%2Cregular%2C700|font_style:400%20regular%3A400%3Anormal&#8221; css=&#8221;.vc_custom_1513086539154{padding-top: 0px !important;}&#8221;][vc_custom_heading text=&#8221;TAR\u0130H, SANAT VE K\u00dcLT\u00dcR KAYNA\u011eI&#8221; font_container=&#8221;tag:h4|text_align:center&#8221; google_fonts=&#8221;font_family:Roboto%20Slab%3A100%2C300%2Cregular%2C700|font_style:400%20regular%3A400%3Anormal&#8221; css=&#8221;.vc_custom_1513086563496{margin-top: 0px !important;}&#8221;][vc_empty_space height=&#8221;&#8221; hide_on_mobile=&#8221;&#8221;][vc_column_text]M\u00fczemizde \u00f6nceki ku\u015faklar\u0131n geleneksel ada k\u00f6st\u00fcml\u00fc iki manken bulunur,bununla birlikte,Antisa K\u00f6y\u00fc`nden getirilen 2 adet bak\u0131r imbik ve \u00fcretim a\u015famas\u0131nda kullan\u0131lan uygun ve farkl\u0131 ara\u00e7lar da sergilenmektedir. 1900 `l\u00fc y\u0131llar\u0131n ba\u015flar\u0131nda kullan\u0131lan bir buzdolab\u0131 ve 19.yy ait bir \u00fcz\u00fcm s\u0131kma aparat\u0131 dikkateleri \u00e7eker ve g\u00f6r\u00fclmeye de\u011ferdir.<\/p>\n<p>Ayr\u0131ca Lesvos Adas\u0131`nda kurulmu\u015f, geli\u015fmi\u015f hemen hemen t\u00fcm uzo \u00fcreticilerinin markalar\u0131n\u0131n \u015fi\u015fe \u00f6rnekleri bir b\u00fcfede yer almaktad\u0131r. M\u00fczemizin i\u00e7 k\u0131sm\u0131nda bulunan 1930`lu y\u0131llara ait bir kahvehane masalar ,sandalyeler ve farkl\u0131 objelerle canland\u0131r\u0131lm\u0131\u015ft\u0131r ki ziyaret\u00e7ilerimizin de ilgi ve be\u011fenisini kazan\u0131r.[\/vc_column_text]<\/div><\/div>\n\t\t<\/div><!-- \/.sc_promo_text --><\/div><!-- \/.sc_promo -->[vc_empty_space height=&#8221;&#8221; alter_height=&#8221;large&#8221; hide_on_mobile=&#8221;1&#8243;][vc_empty_space height=&#8221;&#8221; hide_on_mobile=&#8221;&#8221;][\/vc_column][vc_column width=&#8221;1\/12&#8243;][\/vc_column][\/vc_row][vc_row full_width=&#8221;stretch_row_content_no_spaces&#8221; gap=&#8221;30&#8243;][vc_column width=&#8221;1\/12&#8243;][\/vc_column][vc_column width=&#8221;5\/12&#8243;][vc_single_image image=&#8221;1146&#8243; img_size=&#8221;large&#8221; onclick=&#8221;img_link_large&#8221;][\/vc_column][vc_column width=&#8221;5\/12&#8243;][vc_empty_space height=&#8221;&#8221; alter_height=&#8221;large&#8221; hide_on_mobile=&#8221;1&#8243;][vc_empty_space height=&#8221;&#8221; alter_height=&#8221;large&#8221; hide_on_mobile=&#8221;&#8221;][vc_single_image image=&#8221;2080&#8243; img_size=&#8221;large&#8221; onclick=&#8221;img_link_large&#8221;][\/vc_column][vc_column width=&#8221;1\/12&#8243;][\/vc_column][\/vc_row][vc_row][vc_column][vc_empty_space height=&#8221;&#8221; alter_height=&#8221;large&#8221; hide_on_mobile=&#8221;1&#8243;][vc_empty_space height=&#8221;&#8221; alter_height=&#8221;medium&#8221; hide_on_mobile=&#8221;&#8221;][vc_column_text]E\u011fer uzo \u00fcretimi ve s\u0131rlar\u0131n\u0131 \u00f6\u011frenmek isterseniz EVA M\u00fczesine ba\u015fvurmal\u0131s\u0131n\u0131z. Milli i\u00e7kimiz olan uzo \u00fcretimine yak\u0131ndan \u015fahit olmak, bu \u00f6zenle haz\u0131rlanm\u0131\u015f ve canland\u0131r\u0131lm\u0131\u015f olan m\u00fczemizi g\u00f6rme \u015fans\u0131n\u0131 verin kendinize.<\/p>\n<p>Uzonun zaman i\u00e7indeki geli\u015fimini anason aromas\u0131 ile Lesvos`u tan\u0131y\u0131n, 20.y\u00fczy\u0131ldan kalma buzdolab\u0131 ve \u00fcz\u00fcm s\u0131kma aparat\u0131 hakk\u0131nda bilgiler isteyin.<\/p>\n<p>Benzersiz,e\u015fsiz lezzetteki klasik ve limon aromal\u0131 sak\u0131z lik\u00f6rlerimizi ve dam\u0131t\u0131lm\u0131\u015f uzolar\u0131m\u0131z\u0131 denemelisiniz![\/vc_column_text][vc_empty_space height=&#8221;&#8221; alter_height=&#8221;large&#8221; hide_on_mobile=&#8221;1&#8243;][vc_empty_space height=&#8221;&#8221; alter_height=&#8221;medium&#8221; hide_on_mobile=&#8221;&#8221;][\/vc_column][\/vc_row][vc_row][vc_column][vc_custom_heading text=&#8221;FOTO\u011eRAFLAR&#8221; font_container=&#8221;tag:h4|text_align:center&#8221; google_fonts=&#8221;font_family:Roboto%20Slab%3A100%2C300%2Cregular%2C700|font_style:400%20regular%3A400%3Anormal&#8221; css=&#8221;.vc_custom_1513086955186{padding-top: 0px !important;}&#8221;][vc_empty_space height=&#8221;&#8221; hide_on_mobile=&#8221;&#8221;]<div class=\"cq-medium-gallery\" data-gallerywidth=\"\" data-background=\"\" data-layoutno=\"21343522341234232233\" data-lowreswidth=\"\" data-gutter=\"10px\" style=\"margin:0 auto;\"><img decoding=\"async\" src=\"http:\/\/www.eva-distillery.gr\/wp-content\/uploads\/2017\/02\/ouzo_mouseiou_001.jpg\" data-highres=\"http:\/\/www.eva-distillery.gr\/wp-content\/uploads\/2017\/02\/ouzo_mouseiou_001.jpg\" class=\"mediumgallery-img \" title=\"\" alt=\"\" \/><img decoding=\"async\" src=\"http:\/\/www.eva-distillery.gr\/wp-content\/uploads\/2017\/02\/img_0089.jpg\" data-highres=\"http:\/\/www.eva-distillery.gr\/wp-content\/uploads\/2017\/02\/img_0089.jpg\" class=\"mediumgallery-img \" title=\"\" alt=\"\" \/><img decoding=\"async\" src=\"http:\/\/www.eva-distillery.gr\/wp-content\/uploads\/2017\/02\/dsc_0099.jpg\" data-highres=\"http:\/\/www.eva-distillery.gr\/wp-content\/uploads\/2017\/02\/dsc_0099.jpg\" class=\"mediumgallery-img \" title=\"\" alt=\"\" \/><img decoding=\"async\" src=\"http:\/\/www.eva-distillery.gr\/wp-content\/uploads\/2017\/02\/dsc_0097_0.jpg\" data-highres=\"http:\/\/www.eva-distillery.gr\/wp-content\/uploads\/2017\/02\/dsc_0097_0.jpg\" class=\"mediumgallery-img \" title=\"\" alt=\"\" \/><img decoding=\"async\" src=\"http:\/\/www.eva-distillery.gr\/wp-content\/uploads\/2017\/02\/dsc_0093.jpg\" data-highres=\"http:\/\/www.eva-distillery.gr\/wp-content\/uploads\/2017\/02\/dsc_0093.jpg\" class=\"mediumgallery-img \" title=\"\" alt=\"\" \/><img decoding=\"async\" src=\"http:\/\/www.eva-distillery.gr\/wp-content\/uploads\/2017\/02\/dsc_0077.jpg\" data-highres=\"http:\/\/www.eva-distillery.gr\/wp-content\/uploads\/2017\/02\/dsc_0077.jpg\" class=\"mediumgallery-img \" title=\"\" alt=\"\" \/><img decoding=\"async\" src=\"http:\/\/www.eva-distillery.gr\/wp-content\/uploads\/2017\/02\/dsc_0073.jpg\" data-highres=\"http:\/\/www.eva-distillery.gr\/wp-content\/uploads\/2017\/02\/dsc_0073.jpg\" class=\"mediumgallery-img \" title=\"\" alt=\"\" \/><img decoding=\"async\" src=\"http:\/\/www.eva-distillery.gr\/wp-content\/uploads\/2017\/02\/dsc_0072.jpg\" data-highres=\"http:\/\/www.eva-distillery.gr\/wp-content\/uploads\/2017\/02\/dsc_0072.jpg\" class=\"mediumgallery-img \" title=\"\" alt=\"\" \/><img decoding=\"async\" src=\"http:\/\/www.eva-distillery.gr\/wp-content\/uploads\/2017\/02\/dsc_0071.jpg\" data-highres=\"http:\/\/www.eva-distillery.gr\/wp-content\/uploads\/2017\/02\/dsc_0071.jpg\" class=\"mediumgallery-img \" title=\"\" alt=\"\" \/><img decoding=\"async\" src=\"http:\/\/www.eva-distillery.gr\/wp-content\/uploads\/2017\/02\/dsc_0001.jpg\" data-highres=\"http:\/\/www.eva-distillery.gr\/wp-content\/uploads\/2017\/02\/dsc_0001.jpg\" class=\"mediumgallery-img \" title=\"\" alt=\"\" \/><\/div>[vc_empty_space height=&#8221;&#8221; alter_height=&#8221;medium&#8221; hide_on_mobile=&#8221;&#8221;][\/vc_column][\/vc_row][vc_row full_width=&#8221;stretch_row_content_no_spaces&#8221; equal_height=&#8221;yes&#8221; scheme=&#8221;light&#8221; css=&#8221;.vc_custom_1495021550276{background-image: url(http:\/\/www.eva-distillery.gr\/wp-content\/uploads\/2017\/04\/Panorama-2.jpg?id=2085) !important;background-position: center !important;background-repeat: no-repeat !important;background-size: cover !important;}&#8221;][vc_column width=&#8221;1\/4&#8243; css=&#8221;.vc_custom_1488788626008{background-color: rgba(107,107,107,0.7) !important;*background-color: rgb(107,107,107) !important;}&#8221;][\/vc_column][vc_column width=&#8221;1\/2&#8243; css=&#8221;.vc_custom_1488788632697{background-color: rgba(107,107,107,0.7) !important;*background-color: rgb(107,107,107) !important;}&#8221;][vc_empty_space height=&#8221;&#8221; alter_height=&#8221;medium&#8221; hide_on_mobile=&#8221;&#8221;][vc_empty_space height=&#8221;&#8221; alter_height=&#8221;large&#8221; hide_on_mobile=&#8221;1&#8243;][vc_custom_heading text=&#8221;Adres<br \/>\nPagani Midilli<br \/>\n&#8221; font_container=&#8221;tag:div|text_align:center|color:%23ffffff&#8221; google_fonts=&#8221;font_family:Roboto%3A100%2C100italic%2C300%2C300italic%2Cregular%2Citalic%2C500%2C500italic%2C700%2C700italic%2C900%2C900italic|font_style:400%20regular%3A400%3Anormal&#8221;][vc_custom_heading text=&#8221;\u00c7al\u0131\u015fma g\u00fcnleri ve saatleri<\/p>\n<p>Pazartesi- Cuma 09.00 \u2013 15.00<br \/>\nCumartesi-Pazar ve tatil g\u00fcnlerinde randevu ile<br \/>\nGiri\u015f \u00fccretsiz<\/p>\n<p>Tel- 22510 23700&#8243; font_container=&#8221;tag:div|text_align:center|color:%23ffffff&#8221; google_fonts=&#8221;font_family:Roboto%3A100%2C100italic%2C300%2C300italic%2Cregular%2Citalic%2C500%2C500italic%2C700%2C700italic%2C900%2C900italic|font_style:400%20regular%3A400%3Anormal&#8221; css=&#8221;.vc_custom_1513087254629{margin-top: 20px !important;}&#8221;][vc_empty_space height=&#8221;&#8221; alter_height=&#8221;medium&#8221; hide_on_mobile=&#8221;&#8221;][vc_empty_space height=&#8221;&#8221; alter_height=&#8221;large&#8221; hide_on_mobile=&#8221;1&#8243;][\/vc_column][vc_column width=&#8221;1\/4&#8243; css=&#8221;.vc_custom_1488788638406{background-color: rgba(107,107,107,0.7) !important;*background-color: rgb(107,107,107) !important;}&#8221;][\/vc_column][\/vc_row][vc_row full_width=&#8221;stretch_row_content_no_spaces&#8221;][vc_column]<div id=\"sc_googlemap_1355190403_wrap\" class=\"sc_googlemap_wrap\"><div id=\"sc_googlemap_1355190403\"\n\t\t\tclass=\"sc_googlemap sc_googlemap_detailed\"\n\t\t\t style=\"width:100%;height:450px;\"\t\t\tdata-zoom=\"15\"\n\t\t\tdata-style=\"default\"\n\t\t\t><div id=\"sc_googlemap_1355190403_1\" class=\"sc_googlemap_marker\"'\n\t\t\t\t\t\tdata-latlng=\"39.1099647,26.5271119,18\"\n\t\t\t\t\t\tdata-address=\"\"\n\t\t\t\t\t\tdata-description=\"\"\n\t\t\t\t\t\tdata-title=\"\"\n\t\t\t\t\t\tdata-icon=\"http:\/\/www.eva-distillery.gr\/wp-content\/uploads\/2017\/02\/Untitled-3.png\"\n\t\t\t\t\t\t><\/div><\/div><\/div><!-- \/.sc_googlemap_wrap -->[\/vc_column][\/vc_row]<\/p>\n<\/div>","protected":false},"excerpt":{"rendered":"<p>[vc_row full_width=&#8221;stretch_row_content_no_spaces&#8221;][vc_column css=&#8221;.vc_custom_1488365591916{background-image: url(http:\/\/www.eva-distillery.gr\/wp-content\/uploads\/2017\/02\/img_0088.jpg?id=1188) !important;background-position: center !important;background-repeat: no-repeat !important;background-size: cover !important;}&#8221;][vc_empty_space height=&#8221;&#8221; alter_height=&#8221;huge&#8221; hide_on_mobile=&#8221;&#8221;][vc_empty_space height=&#8221;&#8221; alter_height=&#8221;huge&#8221; hide_on_mobile=&#8221;&#8221;][vc_empty_space height=&#8221;&#8221; alter_height=&#8221;huge&#8221; hide_on_mobile=&#8221;&#8221;][vc_empty_space height=&#8221;&#8221; alter_height=&#8221;large&#8221; hide_on_mobile=&#8221;&#8221;][vc_empty_space height=&#8221;&#8221; alter_height=&#8221;large&#8221; hide_on_mobile=&#8221;&#8221;][vc_empty_space height=&#8221;&#8221; alter_height=&#8221;large&#8221; hide_on_mobile=&#8221;&#8221;][\/vc_column][\/vc_row][vc_row][vc_column width=&#8221;1\/12&#8243;][\/vc_column][vc_column width=&#8221;10\/12&#8243;][vc_empty_space height=&#8221;&#8221; hide_on_mobile=&#8221;&#8221;][vc_empty_space height=&#8221;&#8221; alter_height=&#8221;large&#8221; hide_on_mobile=&#8221;1&#8243;][vc_empty_space height=&#8221;&#8221; hide_on_mobile=&#8221;&#8221;][\/vc_column][vc_column width=&#8221;1\/12&#8243;][\/vc_column][\/vc_row][vc_row full_width=&#8221;stretch_row_content_no_spaces&#8221; gap=&#8221;30&#8243;][vc_column width=&#8221;1\/12&#8243;][\/vc_column][vc_column width=&#8221;5\/12&#8243;][vc_single_image image=&#8221;1146&#8243; img_size=&#8221;large&#8221; onclick=&#8221;img_link_large&#8221;][\/vc_column][vc_column width=&#8221;5\/12&#8243;][vc_empty_space height=&#8221;&#8221; alter_height=&#8221;large&#8221; hide_on_mobile=&#8221;1&#8243;][vc_empty_space height=&#8221;&#8221; alter_height=&#8221;large&#8221; hide_on_mobile=&#8221;&#8221;][vc_single_image image=&#8221;2080&#8243; img_size=&#8221;large&#8221; onclick=&#8221;img_link_large&#8221;][\/vc_column][vc_column width=&#8221;1\/12&#8243;][\/vc_column][\/vc_row][vc_row][vc_column][vc_empty_space height=&#8221;&#8221; alter_height=&#8221;large&#8221; hide_on_mobile=&#8221;1&#8243;][vc_empty_space&hellip;<\/p>\n","protected":false},"author":1,"featured_media":0,"parent":0,"menu_order":0,"comment_status":"closed","ping_status":"closed","template":"","meta":{"footnotes":""},"class_list":["post-2715","page","type-page","status-publish","hentry"],"_links":{"self":[{"href":"http:\/\/www.eva-distillery.gr\/tr\/wp-json\/wp\/v2\/pages\/2715","targetHints":{"allow":["GET"]}}],"collection":[{"href":"http:\/\/www.eva-distillery.gr\/tr\/wp-json\/wp\/v2\/pages"}],"about":[{"href":"http:\/\/www.eva-distillery.gr\/tr\/wp-json\/wp\/v2\/types\/page"}],"author":[{"embeddable":true,"href":"http:\/\/www.eva-distillery.gr\/tr\/wp-json\/wp\/v2\/users\/1"}],"replies":[{"embeddable":true,"href":"http:\/\/www.eva-distillery.gr\/tr\/wp-json\/wp\/v2\/comments?post=2715"}],"version-history":[{"count":4,"href":"http:\/\/www.eva-distillery.gr\/tr\/wp-json\/wp\/v2\/pages\/2715\/revisions"}],"predecessor-version":[{"id":2737,"href":"http:\/\/www.eva-distillery.gr\/tr\/wp-json\/wp\/v2\/pages\/2715\/revisions\/2737"}],"wp:attachment":[{"href":"http:\/\/www.eva-distillery.gr\/tr\/wp-json\/wp\/v2\/media?parent=2715"}],"curies":[{"name":"wp","href":"https:\/\/api.w.org\/{rel}","templated":true}]}}