{"id":2709,"date":"2017-02-28T13:26:44","date_gmt":"2017-02-28T13:26:44","guid":{"rendered":"http:\/\/www.eva-distillery.gr\/lesvos-insider\/"},"modified":"2017-12-14T08:00:29","modified_gmt":"2017-12-14T08:00:29","slug":"lesvos-insider","status":"publish","type":"page","link":"http:\/\/www.eva-distillery.gr\/tr\/lesvos-insider\/","title":{"rendered":"LESVOS \u0130NS\u0130DER"},"content":{"rendered":"<div class=\"wpb-content-wrapper\"><p>[vc_row full_width=&#8221;stretch_row_content_no_spaces&#8221;][vc_column css=&#8221;.vc_custom_1488373566461{background-image: url(http:\/\/www.eva-distillery.gr\/wp-content\/uploads\/2017\/02\/17234867802_fac88ba3d1_o.jpg?id=1362) !important;background-position: center !important;background-repeat: no-repeat !important;background-size: cover !important;}&#8221;][vc_empty_space height=&#8221;&#8221; alter_height=&#8221;huge&#8221; hide_on_mobile=&#8221;&#8221;][vc_empty_space height=&#8221;&#8221; alter_height=&#8221;huge&#8221; hide_on_mobile=&#8221;&#8221;][vc_empty_space height=&#8221;&#8221; alter_height=&#8221;huge&#8221; hide_on_mobile=&#8221;&#8221;][vc_empty_space height=&#8221;&#8221; alter_height=&#8221;large&#8221; hide_on_mobile=&#8221;&#8221;][vc_empty_space height=&#8221;&#8221; alter_height=&#8221;large&#8221; hide_on_mobile=&#8221;&#8221;][vc_empty_space height=&#8221;&#8221; alter_height=&#8221;large&#8221; hide_on_mobile=&#8221;&#8221;][\/vc_column][\/vc_row][vc_row full_width=&#8221;stretch_row_content_no_spaces&#8221;][vc_column width=&#8221;1\/12&#8243;][\/vc_column][vc_column width=&#8221;10\/12&#8243;][vc_custom_heading text=&#8221;Anason aromas\u0131 ile Lesvos`a seyahat edip&#8230;ke\u015ffet&#8230;&#8221; font_container=&#8221;tag:h4|text_align:center&#8221; google_fonts=&#8221;font_family:Roboto%3A100%2C100italic%2C300%2C300italic%2Cregular%2Citalic%2C500%2C500italic%2C700%2C700italic%2C900%2C900italic|font_style:400%20regular%3A400%3Anormal&#8221;][vc_empty_space alter_height=&#8221;small&#8221; hide_on_mobile=&#8221;&#8221;][vc_empty_space alter_height=&#8221;small&#8221; hide_on_mobile=&#8221;&#8221;][vc_column_text]Adam\u0131z Lesvos`a ho\u015fgeldin. Manzaralar,resimler,g\u00fcne\u015fin bat\u0131\u015f\u0131 seni b\u00fcy\u00fcleyecek.<\/p>\n<p>Ho\u015fg\u00f6r\u00fcl\u00fc insanlar,lezzetler,do\u011fall\u0131k,yerli uzo sana adan\u0131n g\u00fcnl\u00fck ya\u015fant\u0131s\u0131n\u0131 sunacak.<\/p>\n<p>Tabiiki uzo vesilesi ile bu tan\u0131t\u0131m\u0131 haz\u0131rlad\u0131k *Lesvos \u0130nsider*<\/p>\n<p>Bu i\u00e7ki sayesinde yerli,leziz mezelerle donat\u0131lm\u0131\u015f bir masada m\u00fcthi\u015f,e\u015fsiz foto\u011fraf ve b\u00fcy\u00fcleyici f\u0131rsatlar olu\u015fur. Ayr\u0131ca kurulan uzo masalar\u0131nda insanlar has muhabbetler eder. Ya\u015fanm\u0131\u015fl\u0131klar sohbet konusudur ve temelleri sa\u011flam at\u0131lan arkada\u015fl\u0131klar kurulur.<\/p>\n<p>LESVOS \u0130NS\u0130DER gen\u00e7 arkada\u015f toplulu\u011fu taraf\u0131ndan haz\u0131rlanm\u0131\u015ft\u0131r. Kurdu\u011fumuz bu platform hayranl\u0131k yaratm\u0131\u015f ve kendimizi seyahat edenlerin yerine koyma imkan\u0131 vermi\u015ftir. Z\u0131yaret\u00e7ilerin, ke\u015ffetmek istedikleri bilinen bilinmeyen y\u00f6nleri ile bu e\u015fsiz yerleri bizler gibi sevme imkan\u0131 sunacakt\u0131r. Umar\u0131z bu bilgilere g\u00fcvenir,inan\u0131r ve seyahat rehberin olarak saklar, kullan\u0131rs\u0131n.<\/p>\n<p><strong>\u0130gnatis Patrikopoulos<\/strong><\/p>\n<p>E.V.A. A.E \u015e\u0130RKET\u0130 Y\u00d6NET\u0130M KURULU BA\u015eKANI VE \u0130CRA KURULU \u00dcYES\u0130<\/p>\n<p>[\/vc_column_text][vc_empty_space alter_height=&#8221;medium&#8221; hide_on_mobile=&#8221;&#8221;][\/vc_column][vc_column width=&#8221;1\/12&#8243;][\/vc_column][\/vc_row][vc_row full_width=&#8221;stretch_row_content_no_spaces&#8221; css=&#8221;.vc_custom_1488374480059{padding-top: 5% !important;}&#8221;][vc_column width=&#8221;2\/3&#8243; css=&#8221;.vc_custom_1488374620417{padding-left: 10% !important;}&#8221;][vc_custom_heading text=&#8221;LesvosInsider.Gr Guide&#8221; font_container=&#8221;tag:h3|font_size:50px|text_align:left|color:%23000000&#8243; google_fonts=&#8221;font_family:Roboto%20Slab%3A100%2C300%2Cregular%2C700|font_style:700%20bold%20regular%3A700%3Anormal&#8221;][vc_custom_heading text=&#8221;KLAVUZU \u0130ND\u0130R\u0130N VE LESVOS`UN SIRLARINI KE\u015eFED\u0130N !&#8221; font_container=&#8221;tag:p|font_size:18px|text_align:left|color:%23000000&#8243; google_fonts=&#8221;font_family:Roboto%3A100%2C100italic%2C300%2C300italic%2Cregular%2Citalic%2C500%2C500italic%2C700%2C700italic%2C900%2C900italic|font_style:500%20bold%20regular%3A500%3Anormal&#8221;][vc_empty_space alter_height=&#8221;small&#8221; hide_on_mobile=&#8221;&#8221;][vc_btn title=&#8221;DOWNLOAD&#8221; style=&#8221;outline-custom&#8221; outline_custom_color=&#8221;#473d33&#8243; outline_custom_hover_background=&#8221;#666666&#8243; outline_custom_hover_text=&#8221;#ffffff&#8221; shape=&#8221;square&#8221; size=&#8221;lg&#8221; link=&#8221;url:http%3A%2F%2Fwww.artabout.eu%2Fclients%2Feva%2Fwp-content%2Fuploads%2F2017%2F02%2Flesvos-insider.pdfhttp%3A%2F%2Fwww.eva-distillery.gr%2Fwp-content%2Fuploads%2F2017%2F02%2Flesvos-insider.pdf||target:%20_blank|&#8221;][vc_btn title=&#8221;GO TO THE WEBSITE&#8221; style=&#8221;outline-custom&#8221; outline_custom_color=&#8221;#473d33&#8243; outline_custom_hover_background=&#8221;#666666&#8243; outline_custom_hover_text=&#8221;#ffffff&#8221; shape=&#8221;square&#8221; size=&#8221;lg&#8221; link=&#8221;url:http%3A%2F%2Flesvosinsider.gr%2F||target:%20_blank|&#8221;][\/vc_column][vc_column width=&#8221;1\/3&#8243;][vc_single_image image=&#8221;1365&#8243; img_size=&#8221;full&#8221;][\/vc_column][\/vc_row]<\/p>\n<\/div>","protected":false},"excerpt":{"rendered":"<p>[vc_row full_width=&#8221;stretch_row_content_no_spaces&#8221;][vc_column css=&#8221;.vc_custom_1488373566461{background-image: url(http:\/\/www.eva-distillery.gr\/wp-content\/uploads\/2017\/02\/17234867802_fac88ba3d1_o.jpg?id=1362) !important;background-position: center !important;background-repeat: no-repeat !important;background-size: cover !important;}&#8221;][vc_empty_space height=&#8221;&#8221; alter_height=&#8221;huge&#8221; hide_on_mobile=&#8221;&#8221;][vc_empty_space height=&#8221;&#8221; alter_height=&#8221;huge&#8221; hide_on_mobile=&#8221;&#8221;][vc_empty_space height=&#8221;&#8221; alter_height=&#8221;huge&#8221; hide_on_mobile=&#8221;&#8221;][vc_empty_space height=&#8221;&#8221; alter_height=&#8221;large&#8221; hide_on_mobile=&#8221;&#8221;][vc_empty_space height=&#8221;&#8221; alter_height=&#8221;large&#8221; hide_on_mobile=&#8221;&#8221;][vc_empty_space height=&#8221;&#8221; alter_height=&#8221;large&#8221; hide_on_mobile=&#8221;&#8221;][\/vc_column][\/vc_row][vc_row full_width=&#8221;stretch_row_content_no_spaces&#8221;][vc_column width=&#8221;1\/12&#8243;][\/vc_column][vc_column width=&#8221;10\/12&#8243;][vc_custom_heading text=&#8221;Anason aromas\u0131 ile Lesvos`a seyahat edip&#8230;ke\u015ffet&#8230;&#8221; font_container=&#8221;tag:h4|text_align:center&#8221; google_fonts=&#8221;font_family:Roboto%3A100%2C100italic%2C300%2C300italic%2Cregular%2Citalic%2C500%2C500italic%2C700%2C700italic%2C900%2C900italic|font_style:400%20regular%3A400%3Anormal&#8221;][vc_empty_space alter_height=&#8221;small&#8221; hide_on_mobile=&#8221;&#8221;][vc_empty_space alter_height=&#8221;small&#8221; hide_on_mobile=&#8221;&#8221;][vc_column_text]Adam\u0131z Lesvos`a ho\u015fgeldin. Manzaralar,resimler,g\u00fcne\u015fin bat\u0131\u015f\u0131 seni b\u00fcy\u00fcleyecek. Ho\u015fg\u00f6r\u00fcl\u00fc insanlar,lezzetler,do\u011fall\u0131k,yerli uzo sana adan\u0131n g\u00fcnl\u00fck ya\u015fant\u0131s\u0131n\u0131 sunacak. Tabiiki uzo&hellip;<\/p>\n","protected":false},"author":1,"featured_media":0,"parent":0,"menu_order":0,"comment_status":"closed","ping_status":"closed","template":"","meta":{"footnotes":""},"class_list":["post-2709","page","type-page","status-publish","hentry"],"_links":{"self":[{"href":"http:\/\/www.eva-distillery.gr\/tr\/wp-json\/wp\/v2\/pages\/2709","targetHints":{"allow":["GET"]}}],"collection":[{"href":"http:\/\/www.eva-distillery.gr\/tr\/wp-json\/wp\/v2\/pages"}],"about":[{"href":"http:\/\/www.eva-distillery.gr\/tr\/wp-json\/wp\/v2\/types\/page"}],"author":[{"embeddable":true,"href":"http:\/\/www.eva-distillery.gr\/tr\/wp-json\/wp\/v2\/users\/1"}],"replies":[{"embeddable":true,"href":"http:\/\/www.eva-distillery.gr\/tr\/wp-json\/wp\/v2\/comments?post=2709"}],"version-history":[{"count":3,"href":"http:\/\/www.eva-distillery.gr\/tr\/wp-json\/wp\/v2\/pages\/2709\/revisions"}],"predecessor-version":[{"id":2772,"href":"http:\/\/www.eva-distillery.gr\/tr\/wp-json\/wp\/v2\/pages\/2709\/revisions\/2772"}],"wp:attachment":[{"href":"http:\/\/www.eva-distillery.gr\/tr\/wp-json\/wp\/v2\/media?parent=2709"}],"curies":[{"name":"wp","href":"https:\/\/api.w.org\/{rel}","templated":true}]}}