{"id":2902,"date":"2017-02-28T13:26:44","date_gmt":"2017-02-28T13:26:44","guid":{"rendered":"http:\/\/www.eva-distillery.gr\/lesvos-insider\/"},"modified":"2017-12-27T08:00:52","modified_gmt":"2017-12-27T08:00:52","slug":"lesvos-insider","status":"publish","type":"page","link":"http:\/\/www.eva-distillery.gr\/de\/lesvos-insider\/","title":{"rendered":"LESVOS INSIDER"},"content":{"rendered":"<div class=\"wpb-content-wrapper\"><p>[vc_row full_width=&#8221;stretch_row_content_no_spaces&#8221;][vc_column css=&#8221;.vc_custom_1488373566461{background-image: url(http:\/\/www.eva-distillery.gr\/wp-content\/uploads\/2017\/02\/17234867802_fac88ba3d1_o.jpg?id=1362) !important;background-position: center !important;background-repeat: no-repeat !important;background-size: cover !important;}&#8221;][vc_empty_space height=&#8221;&#8221; alter_height=&#8221;huge&#8221; hide_on_mobile=&#8221;&#8221;][vc_empty_space height=&#8221;&#8221; alter_height=&#8221;huge&#8221; hide_on_mobile=&#8221;&#8221;][vc_empty_space height=&#8221;&#8221; alter_height=&#8221;huge&#8221; hide_on_mobile=&#8221;&#8221;][vc_empty_space height=&#8221;&#8221; alter_height=&#8221;large&#8221; hide_on_mobile=&#8221;&#8221;][vc_empty_space height=&#8221;&#8221; alter_height=&#8221;large&#8221; hide_on_mobile=&#8221;&#8221;][vc_empty_space height=&#8221;&#8221; alter_height=&#8221;large&#8221; hide_on_mobile=&#8221;&#8221;][\/vc_column][\/vc_row][vc_row full_width=&#8221;stretch_row_content_no_spaces&#8221;][vc_column width=&#8221;1\/12&#8243;][\/vc_column][vc_column width=&#8221;10\/12&#8243;][vc_custom_heading text=&#8221;Lernen Sie Lesbos durch die Begleitung des Anisaromas kennen.&#8221; font_container=&#8221;tag:h4|text_align:center&#8221; google_fonts=&#8221;font_family:Roboto%3A100%2C100italic%2C300%2C300italic%2Cregular%2Citalic%2C500%2C500italic%2C700%2C700italic%2C900%2C900italic|font_style:400%20regular%3A400%3Anormal&#8221;][vc_empty_space alter_height=&#8221;small&#8221; hide_on_mobile=&#8221;&#8221;][vc_empty_space alter_height=&#8221;small&#8221; hide_on_mobile=&#8221;&#8221;][vc_column_text]Willkommen auf unserer Insel Lesbos. Ihre Landschaften, Bilder, Sonnenunterg\u00e4nge werden Sie faszinieren. Die Einheimischen, die Geschm\u00e4cke und Ger\u00fcche und nat\u00fcrlich der lokale Ouzo werden Ihnen den Alltag auf Lesbos pr\u00e4sentieren. Der Ouzo war der Grund, warum wir &#8220;LESVOS INSIDER&#8221; geschaffen haben. Auf einem Tisch voller schmackhafter lokaler Gerichte, kann dieses Getr\u00e4nk f\u00fcr sich allein der beste Schriftsteller und Fotograf f\u00fcr Sie werden. Seine Kr\u00e4fte sind einzigartig! Neben dem &#8220;heiligen&#8221; Ouzo \u2013 Genuss gibt es immer Worte der Wahrheit, eine Lebensweise und eine unersch\u00fctterliche Art der Kommunikation zwischen den Menschen.<\/p>\n<p>&#8220;LESVOS INSIDER&#8221; wurde von einer Gruppe von Jugendlichen gegr\u00fcndet. Der ganze Prozess hat uns von den F\u00fc\u00dfen gerissen, uns in die Position eines Reisef \u00fchrers gebracht, der den Besucher herumf\u00fchrt und ihm erlaubt, die offensichtlichen, aber auch die verborgenen Teile dieses Ortes zu entdecken und zu bewundern und ihn zu liebengenauso wie wir es tun. Wir hoffen, Sie genie\u00dfen, vertrauen und behalten diese Anleitung in Ihrer Reisekollektion.<\/p>\n<p><strong>Ignatios Patrikopoulos<\/strong><\/p>\n<p>Pr\u00e4sident und Gesch\u00e4ftsf\u00fchrer der Brauerei E.V.A. A.E.[\/vc_column_text][vc_empty_space alter_height=&#8221;medium&#8221; hide_on_mobile=&#8221;&#8221;][\/vc_column][vc_column width=&#8221;1\/12&#8243;][\/vc_column][\/vc_row][vc_row full_width=&#8221;stretch_row_content_no_spaces&#8221; css=&#8221;.vc_custom_1488374480059{padding-top: 5% !important;}&#8221;][vc_column width=&#8221;2\/3&#8243; css=&#8221;.vc_custom_1488374620417{padding-left: 10% !important;}&#8221;][vc_custom_heading text=&#8221;LesvosInsider.Gr Reisef\u00fchrer&#8221; font_container=&#8221;tag:h3|font_size:50px|text_align:left|color:%23000000&#8243; google_fonts=&#8221;font_family:Roboto%20Slab%3A100%2C300%2Cregular%2C700|font_style:700%20bold%20regular%3A700%3Anormal&#8221;][vc_custom_heading text=&#8221;Laden Sie den Reisef\u00fchrer herunter, um weitere Geheimnisse von Lesbos zu entdecken!&#8221; font_container=&#8221;tag:p|font_size:18px|text_align:left|color:%23000000&#8243; google_fonts=&#8221;font_family:Roboto%3A100%2C100italic%2C300%2C300italic%2Cregular%2Citalic%2C500%2C500italic%2C700%2C700italic%2C900%2C900italic|font_style:500%20bold%20regular%3A500%3Anormal&#8221;][vc_empty_space alter_height=&#8221;small&#8221; hide_on_mobile=&#8221;&#8221;][vc_btn title=&#8221;Laden Sie den Reisef\u00fchrer herunter&#8221; style=&#8221;outline-custom&#8221; outline_custom_color=&#8221;#473d33&#8243; outline_custom_hover_background=&#8221;#666666&#8243; outline_custom_hover_text=&#8221;#ffffff&#8221; shape=&#8221;square&#8221; size=&#8221;lg&#8221; link=&#8221;url:http%3A%2F%2Fwww.eva-distillery.gr%2Fwp-content%2Fuploads%2F2017%2F02%2Flesvos-insider.pdf|||&#8221;][vc_btn title=&#8221;Go to the website&#8221; style=&#8221;outline-custom&#8221; outline_custom_color=&#8221;#473d33&#8243; outline_custom_hover_background=&#8221;#666666&#8243; outline_custom_hover_text=&#8221;#ffffff&#8221; shape=&#8221;square&#8221; size=&#8221;lg&#8221; link=&#8221;url:http%3A%2F%2Flesvosinsider.gr%2Fel%2F||target:%20_blank|&#8221;][\/vc_column][vc_column width=&#8221;1\/3&#8243;][vc_single_image image=&#8221;1365&#8243; img_size=&#8221;full&#8221;][\/vc_column][\/vc_row]<\/p>\n<\/div>","protected":false},"excerpt":{"rendered":"<p>[vc_row full_width=&#8221;stretch_row_content_no_spaces&#8221;][vc_column css=&#8221;.vc_custom_1488373566461{background-image: url(http:\/\/www.eva-distillery.gr\/wp-content\/uploads\/2017\/02\/17234867802_fac88ba3d1_o.jpg?id=1362) !important;background-position: center !important;background-repeat: no-repeat !important;background-size: cover !important;}&#8221;][vc_empty_space height=&#8221;&#8221; alter_height=&#8221;huge&#8221; hide_on_mobile=&#8221;&#8221;][vc_empty_space height=&#8221;&#8221; alter_height=&#8221;huge&#8221; hide_on_mobile=&#8221;&#8221;][vc_empty_space height=&#8221;&#8221; alter_height=&#8221;huge&#8221; hide_on_mobile=&#8221;&#8221;][vc_empty_space height=&#8221;&#8221; alter_height=&#8221;large&#8221; hide_on_mobile=&#8221;&#8221;][vc_empty_space height=&#8221;&#8221; alter_height=&#8221;large&#8221; hide_on_mobile=&#8221;&#8221;][vc_empty_space height=&#8221;&#8221; alter_height=&#8221;large&#8221; hide_on_mobile=&#8221;&#8221;][\/vc_column][\/vc_row][vc_row full_width=&#8221;stretch_row_content_no_spaces&#8221;][vc_column width=&#8221;1\/12&#8243;][\/vc_column][vc_column width=&#8221;10\/12&#8243;][vc_custom_heading text=&#8221;Lernen Sie Lesbos durch die Begleitung des Anisaromas kennen.&#8221; font_container=&#8221;tag:h4|text_align:center&#8221; google_fonts=&#8221;font_family:Roboto%3A100%2C100italic%2C300%2C300italic%2Cregular%2Citalic%2C500%2C500italic%2C700%2C700italic%2C900%2C900italic|font_style:400%20regular%3A400%3Anormal&#8221;][vc_empty_space alter_height=&#8221;small&#8221; hide_on_mobile=&#8221;&#8221;][vc_empty_space alter_height=&#8221;small&#8221; hide_on_mobile=&#8221;&#8221;][vc_column_text]Willkommen auf unserer Insel Lesbos. Ihre Landschaften, Bilder, Sonnenunterg\u00e4nge werden Sie faszinieren. Die Einheimischen,&hellip;<\/p>\n","protected":false},"author":1,"featured_media":0,"parent":0,"menu_order":0,"comment_status":"closed","ping_status":"closed","template":"","meta":{"footnotes":""},"class_list":["post-2902","page","type-page","status-publish","hentry"],"_links":{"self":[{"href":"http:\/\/www.eva-distillery.gr\/de\/wp-json\/wp\/v2\/pages\/2902","targetHints":{"allow":["GET"]}}],"collection":[{"href":"http:\/\/www.eva-distillery.gr\/de\/wp-json\/wp\/v2\/pages"}],"about":[{"href":"http:\/\/www.eva-distillery.gr\/de\/wp-json\/wp\/v2\/types\/page"}],"author":[{"embeddable":true,"href":"http:\/\/www.eva-distillery.gr\/de\/wp-json\/wp\/v2\/users\/1"}],"replies":[{"embeddable":true,"href":"http:\/\/www.eva-distillery.gr\/de\/wp-json\/wp\/v2\/comments?post=2902"}],"version-history":[{"count":2,"href":"http:\/\/www.eva-distillery.gr\/de\/wp-json\/wp\/v2\/pages\/2902\/revisions"}],"predecessor-version":[{"id":2908,"href":"http:\/\/www.eva-distillery.gr\/de\/wp-json\/wp\/v2\/pages\/2902\/revisions\/2908"}],"wp:attachment":[{"href":"http:\/\/www.eva-distillery.gr\/de\/wp-json\/wp\/v2\/media?parent=2902"}],"curies":[{"name":"wp","href":"https:\/\/api.w.org\/{rel}","templated":true}]}}