{"id":2804,"date":"2017-02-28T14:38:11","date_gmt":"2017-02-28T14:38:11","guid":{"rendered":"http:\/\/www.eva-distillery.gr\/%ce%b5%cf%84%ce%b1%ce%b9%cf%81%ce%b9%ce%b1\/"},"modified":"2017-12-22T14:51:47","modified_gmt":"2017-12-22T14:51:47","slug":"%ce%b5%cf%84%ce%b1%ce%b9%cf%81%ce%b9%ce%b1","status":"publish","type":"page","link":"http:\/\/www.eva-distillery.gr\/de\/%ce%b5%cf%84%ce%b1%ce%b9%cf%81%ce%b9%ce%b1\/","title":{"rendered":"UNTERNEHMEN"},"content":{"rendered":"<div class=\"wpb-content-wrapper\"><p>[vc_row full_width=&#8221;stretch_row_content_no_spaces&#8221;][vc_column css=&#8221;.vc_custom_1488292586208{background-image: url(http:\/\/www.eva-distillery.gr\/wp-content\/uploads\/2017\/02\/block-1_0.jpg?id=1176) !important;}&#8221;][vc_empty_space height=&#8221;&#8221; alter_height=&#8221;huge&#8221; hide_on_mobile=&#8221;&#8221;][vc_empty_space height=&#8221;&#8221; alter_height=&#8221;huge&#8221; hide_on_mobile=&#8221;&#8221;][vc_empty_space height=&#8221;&#8221; alter_height=&#8221;huge&#8221; hide_on_mobile=&#8221;&#8221;][vc_empty_space height=&#8221;&#8221; alter_height=&#8221;large&#8221; hide_on_mobile=&#8221;&#8221;][vc_empty_space height=&#8221;&#8221; alter_height=&#8221;large&#8221; hide_on_mobile=&#8221;&#8221;][vc_empty_space height=&#8221;&#8221; alter_height=&#8221;large&#8221; hide_on_mobile=&#8221;&#8221;][\/vc_column][\/vc_row][vc_row full_width=&#8221;stretch_row&#8221;][vc_column][vc_custom_heading text=&#8221;E.V.A.&#8221; google_fonts=&#8221;font_family:Roboto%3A100%2C100italic%2C300%2C300italic%2Cregular%2Citalic%2C500%2C500italic%2C700%2C700italic%2C900%2C900italic|font_style:400%20regular%3A400%3Anormal&#8221;][vc_column_text]<\/p>\n<p style=\"text-align: justify;\">Die Brauerei EVA SA wurde 1995 in Mytilene von den Br\u00fcdern Patrikopoulos gegr\u00fcndet. Die Evolution der Getr\u00e4nkeindustrie basiert auf der Erfahrung und der Liebe der Familie in der Lebensmittel- und Getr\u00e4nkeindustrie, deren Geschichte von Pergamon mit orientalischen Rezepten, konstantinopolitischen D\u00fcften und Rohstoffen beginnt. Heute setzt die dritte Generation ihr dynamisches Gleichgewicht zwischen Tradition und moderner Technologie fort.<\/p>\n<p style=\"text-align: justify;\">In den Brauereieinrichtungen werden moderne, hochwertige Destillier- und Abf\u00fcllungsapparate, eine gut ausgestattetes Laborund das Ouzo-Museum beherbergt. Ein wesentlicher Bestandteil des erfolgreichen Verlaufs sind die erfahrenen Mitarbeiter und das Netzwerk der EVA-Partner, die den ausgezeichneten Produktions-, Abf\u00fcll-, Lager-, Vertriebs- und Exportprozess gew\u00e4hrleisten, der durch das Qualit\u00e4tsmanagementsystem ISO:22000 und das HACCP-Programm zertifiziert ist.<\/p>\n<p style=\"text-align: justify;\">Durch die st\u00e4ndige Weiterentwicklung der Produkte ist EVA ein dynamischer Markenname in der Destillationsbranche und geh\u00f6rt zu den zehn am schnellsten wachsenden Unternehmen des Landes. Das starke Vertriebsnetz von EVA hat seine Produkte in Griechenland und in 22 L\u00e4ndern im Ausland konsequent unterst\u00fctzt. Die Ouzo-Lik\u00f6r-Range findet man in gro\u00dfen Einzelhandels- und Gro\u00dfhandelsnetzwerken und in den hellenischen Duty-Free-Shops.<\/p>\n<p style=\"text-align: justify;\">Die Produktpaletteder EVA-Brauerei umfasst das reife DIMINO, das leichte und hochwertige MITILINI und das von den orientalischen Mysterien inspirierte SERTIKO.<\/p>\n<p>[\/vc_column_text][vc_empty_space height=&#8221;&#8221; alter_height=&#8221;large&#8221; hide_on_mobile=&#8221;&#8221;][\/vc_column][\/vc_row]<\/p>\n<\/div>","protected":false},"excerpt":{"rendered":"<p>[vc_row full_width=&#8221;stretch_row_content_no_spaces&#8221;][vc_column css=&#8221;.vc_custom_1488292586208{background-image: url(http:\/\/www.eva-distillery.gr\/wp-content\/uploads\/2017\/02\/block-1_0.jpg?id=1176) !important;}&#8221;][vc_empty_space height=&#8221;&#8221; alter_height=&#8221;huge&#8221; hide_on_mobile=&#8221;&#8221;][vc_empty_space height=&#8221;&#8221; alter_height=&#8221;huge&#8221; hide_on_mobile=&#8221;&#8221;][vc_empty_space height=&#8221;&#8221; alter_height=&#8221;huge&#8221; hide_on_mobile=&#8221;&#8221;][vc_empty_space height=&#8221;&#8221; alter_height=&#8221;large&#8221; hide_on_mobile=&#8221;&#8221;][vc_empty_space height=&#8221;&#8221; alter_height=&#8221;large&#8221; hide_on_mobile=&#8221;&#8221;][vc_empty_space height=&#8221;&#8221; alter_height=&#8221;large&#8221; hide_on_mobile=&#8221;&#8221;][\/vc_column][\/vc_row][vc_row full_width=&#8221;stretch_row&#8221;][vc_column][vc_custom_heading text=&#8221;E.V.A.&#8221; google_fonts=&#8221;font_family:Roboto%3A100%2C100italic%2C300%2C300italic%2Cregular%2Citalic%2C500%2C500italic%2C700%2C700italic%2C900%2C900italic|font_style:400%20regular%3A400%3Anormal&#8221;][vc_column_text] Die Brauerei EVA SA wurde 1995 in Mytilene von den Br\u00fcdern Patrikopoulos gegr\u00fcndet. Die Evolution der Getr\u00e4nkeindustrie basiert auf der Erfahrung und der Liebe der Familie in der Lebensmittel- und Getr\u00e4nkeindustrie, deren Geschichte von&hellip;<\/p>\n","protected":false},"author":1,"featured_media":0,"parent":0,"menu_order":0,"comment_status":"closed","ping_status":"closed","template":"","meta":{"footnotes":""},"class_list":["post-2804","page","type-page","status-publish","hentry"],"_links":{"self":[{"href":"http:\/\/www.eva-distillery.gr\/de\/wp-json\/wp\/v2\/pages\/2804","targetHints":{"allow":["GET"]}}],"collection":[{"href":"http:\/\/www.eva-distillery.gr\/de\/wp-json\/wp\/v2\/pages"}],"about":[{"href":"http:\/\/www.eva-distillery.gr\/de\/wp-json\/wp\/v2\/types\/page"}],"author":[{"embeddable":true,"href":"http:\/\/www.eva-distillery.gr\/de\/wp-json\/wp\/v2\/users\/1"}],"replies":[{"embeddable":true,"href":"http:\/\/www.eva-distillery.gr\/de\/wp-json\/wp\/v2\/comments?post=2804"}],"version-history":[{"count":4,"href":"http:\/\/www.eva-distillery.gr\/de\/wp-json\/wp\/v2\/pages\/2804\/revisions"}],"predecessor-version":[{"id":2809,"href":"http:\/\/www.eva-distillery.gr\/de\/wp-json\/wp\/v2\/pages\/2804\/revisions\/2809"}],"wp:attachment":[{"href":"http:\/\/www.eva-distillery.gr\/de\/wp-json\/wp\/v2\/media?parent=2804"}],"curies":[{"name":"wp","href":"https:\/\/api.w.org\/{rel}","templated":true}]}}